{"id":6243,"date":"2013-12-31T07:00:20","date_gmt":"2013-12-31T07:00:20","guid":{"rendered":"http:\/\/www.babyparkinglalibellula.com\/about\/"},"modified":"2020-04-09T20:00:12","modified_gmt":"2020-04-09T20:00:12","slug":"chi-siamo","status":"publish","type":"page","link":"https:\/\/www.babyparkinglalibellula.com\/it\/chi-siamo\/","title":{"rendered":"Chi Siamo"},"content":{"rendered":"<div id='full_slider_1'  class='avia-fullwidth-slider main_color avia-shadow   avia-builder-el-0  el_before_av_one_full  avia-builder-el-first   container_wrap sidebar_right'  ><div   data-size='featured_large'  data-lightbox_size='large'  data-animation='slide'  data-conditional_play=''  data-ids='6744'  data-video_counter='0'  data-autoplay='false'  data-bg_slider='false'  data-slide_height=''  data-handle='av_slideshow_full'  data-interval='5'  data-class=' '  data-el_id=''  data-css_id=''  data-scroll_down=''  data-control_layout='av-control-default'  data-custom_markup=''  data-perma_caption=''  data-autoplay_stopper=''  data-image_attachment=''  data-min_height='450px'  data-lazy_loading='disabled'  data-src=''  data-position='top left'  data-repeat='no-repeat'  data-attach='scroll'  data-stretch=''  data-default-height='42'  class='avia-slideshow avia-slideshow-1  av-control-default av-default-height-applied avia-slideshow-featured_large av_slideshow_full   avia-slide-slider '  itemprop=\"image\" itemscope=\"itemscope\" itemtype=\"https:\/\/schema.org\/ImageObject\" ><ul class='avia-slideshow-inner ' style='padding-bottom: 42%;' ><li  class=' av-single-slide slide-1 ' ><div data-rel='slideshow-1' class='avia-slide-wrap '   ><img decoding=\"async\" class=\"wp-image-6744 avia-img-lazy-loading-not-6744\"  src=\"https:\/\/www.babyparkinglalibellula.com\/wp-content\/uploads\/2020\/04\/bpslider02.jpg\" width=\"1500\" height=\"630\" title='bpslider02' alt=''  itemprop=\"thumbnailUrl\"  style='min-height:450px; min-width:1072px; ' srcset=\"https:\/\/www.babyparkinglalibellula.com\/wp-content\/uploads\/2020\/04\/bpslider02.jpg 1500w, https:\/\/www.babyparkinglalibellula.com\/wp-content\/uploads\/2020\/04\/bpslider02-300x126.jpg 300w, https:\/\/www.babyparkinglalibellula.com\/wp-content\/uploads\/2020\/04\/bpslider02-768x323.jpg 768w, https:\/\/www.babyparkinglalibellula.com\/wp-content\/uploads\/2020\/04\/bpslider02-1030x433.jpg 1030w, https:\/\/www.babyparkinglalibellula.com\/wp-content\/uploads\/2020\/04\/bpslider02-705x296.jpg 705w, https:\/\/www.babyparkinglalibellula.com\/wp-content\/uploads\/2020\/04\/bpslider02-450x189.jpg 450w\" sizes=\"(max-width: 1500px) 100vw, 1500px\" \/><\/div><\/li><\/ul><\/div><\/div><div id='after_full_slider_1'  class='main_color av_default_container_wrap container_wrap sidebar_right'  ><div class='container av-section-cont-open' ><div class='template-page content  av-content-small alpha units'><div class='post-entry post-entry-type-page post-entry-6243'><div class='entry-content-wrapper clearfix'>\n\n<style type=\"text\/css\" data-created_by=\"avia_inline_auto\" id=\"style-css-av-13ut6-7b6ccf6606db6484bee351dd1b6a1ee0\">\n.flex_column.av-13ut6-7b6ccf6606db6484bee351dd1b6a1ee0{\nborder-radius:0px 0px 0px 0px;\n-webkit-border-radius:0px 0px 0px 0px;\n-moz-border-radius:0px 0px 0px 0px;\n}\n<\/style>\n<div class='flex_column av-13ut6-7b6ccf6606db6484bee351dd1b6a1ee0 av_one_full  avia-builder-el-1  el_after_av_slideshow_full  el_before_av_one_half  avia-builder-el-first  first flex_column_div av-zero-column-padding '   ><section class=\"av_textblock_section \"  itemscope=\"itemscope\" itemtype=\"https:\/\/schema.org\/CreativeWork\" ><div class='avia_textblock  '   itemprop=\"text\" ><h1 style=\"text-align: center;\">CHI SIAMO<\/h1>\n<\/div><\/section><\/div>\n\n<style type=\"text\/css\" data-created_by=\"avia_inline_auto\" id=\"style-css-av-1ikaa-513261cc73663d0bed5ada4723f1c807\">\n.flex_column.av-1ikaa-513261cc73663d0bed5ada4723f1c807{\nborder-radius:0px 0px 0px 0px;\n-webkit-border-radius:0px 0px 0px 0px;\n-moz-border-radius:0px 0px 0px 0px;\n}\n<\/style>\n<div class='flex_column av-1ikaa-513261cc73663d0bed5ada4723f1c807 av_one_half  avia-builder-el-3  el_after_av_one_full  el_before_av_one_half  first flex_column_div av-zero-column-padding column-top-margin'   ><style type=\"text\/css\" data-created_by=\"avia_inline_auto\" id=\"style-css-av-jlnnel8f-f681aa5d475ae81ba757c10de50b5982\">\n.avia-image-container.av-jlnnel8f-f681aa5d475ae81ba757c10de50b5982 .av-image-caption-overlay-center{\ncolor:#ffffff;\n}\n<\/style>\n<div  class='avia-image-container av-jlnnel8f-f681aa5d475ae81ba757c10de50b5982 av-styling- av-hover-grow avia-align-center  avia-builder-el-4  avia-builder-el-no-sibling  '  itemprop=\"image\" itemscope=\"itemscope\" itemtype=\"https:\/\/schema.org\/ImageObject\" ><div class=\"avia-image-container-inner\"><div class=\"avia-image-overlay-wrap\"><img decoding=\"async\" class='wp-image-6766 avia-img-lazy-loading-not-6766 avia_image' src=\"https:\/\/www.babyparkinglalibellula.com\/wp-content\/uploads\/2020\/04\/babyparkingweb_2-93444.jpg\" alt='' title='babyparkingweb_2-93444'  height=\"900\" width=\"675\"  itemprop=\"thumbnailUrl\" srcset=\"https:\/\/www.babyparkinglalibellula.com\/wp-content\/uploads\/2020\/04\/babyparkingweb_2-93444.jpg 675w, https:\/\/www.babyparkinglalibellula.com\/wp-content\/uploads\/2020\/04\/babyparkingweb_2-93444-225x300.jpg 225w, https:\/\/www.babyparkinglalibellula.com\/wp-content\/uploads\/2020\/04\/babyparkingweb_2-93444-529x705.jpg 529w, https:\/\/www.babyparkinglalibellula.com\/wp-content\/uploads\/2020\/04\/babyparkingweb_2-93444-450x600.jpg 450w\" sizes=\"(max-width: 675px) 100vw, 675px\" \/><\/div><\/div><\/div><\/div>\n\n<style type=\"text\/css\" data-created_by=\"avia_inline_auto\" id=\"style-css-av-1c1y6-5e2a40b1ad917c7a41d980dfaba877f7\">\n.flex_column.av-1c1y6-5e2a40b1ad917c7a41d980dfaba877f7{\nborder-radius:0px 0px 0px 0px;\n-webkit-border-radius:0px 0px 0px 0px;\n-moz-border-radius:0px 0px 0px 0px;\n}\n<\/style>\n<div class='flex_column av-1c1y6-5e2a40b1ad917c7a41d980dfaba877f7 av_one_half  avia-builder-el-5  el_after_av_one_half  el_before_av_one_full  flex_column_div av-zero-column-padding column-top-margin'   ><section class=\"av_textblock_section \"  itemscope=\"itemscope\" itemtype=\"https:\/\/schema.org\/CreativeWork\" ><div class='avia_textblock  '   itemprop=\"text\" ><p style=\"text-align: center; font-size: 115%; font-weight: bold;\">Siamo aperti 7 giorni su 7, dalle 8.30 alle 17.30. Offriamo un servizio di massima flessibilit\u00e0 e potete scegliere se affidarci i vostri bambini solo per qualche ora o per la giornata intera.<\/p>\n<p style=\"text-align: center; font-size: 115%; font-weight: bold;\">Offriamo anche un pacchetto completo che comprende tutte le nostre attivit\u00e0 (laboratori, lezioni educative, giochi e tanto altro) con servizio pranzo e lezioni di sci (attrezzatura compresa) in collaborazione con le scuole di sci locali.<\/p>\n<p style=\"text-align: center;\">Io Sono Elisabetta Eydallin ho 32 anni e sono la titolare del baby Parking la Libellula.<\/p>\n<p style=\"text-align: center;\">Fin dai primi anni della maggiore et\u00e0 ho lavorato con i bambini nell&#8217;ambito sportivo; questo insieme al mio spirito imprenditoriale nel settore turistico mi ha spinto ad avviare l&#8217;attivit\u00e0 del baby parking.<\/p>\n<p style=\"text-align: center;\">Ilaria ha 26 anni, \u00e8 laureata in Scienze dell&#8217;educazione con 110 e lode presso la facolt\u00e0 di Torino e dal 2015 lavora presso La Libellula.<\/p>\n<p style=\"text-align: center;\">Insieme abbiamo creato un team di lavoro super affiatato e oltre al nostro rapporto lavorativo, siamo diventate anche grandi amiche; questo ci permette di vivere il nostro lavoro con grande passione e ci ha permesso di creare un luogo dove i bambini si divertono realmente e imparano giocando<\/p>\n<\/div><\/section><\/div>\n<style type=\"text\/css\" data-created_by=\"avia_inline_auto\" id=\"style-css-av-1ikaa-513261cc73663d0bed5ada4723f1c807\">\n.flex_column.av-1ikaa-513261cc73663d0bed5ada4723f1c807{\nborder-radius:0px 0px 0px 0px;\n-webkit-border-radius:0px 0px 0px 0px;\n-moz-border-radius:0px 0px 0px 0px;\n}\n<\/style>\n<div class='flex_column av-1ikaa-513261cc73663d0bed5ada4723f1c807 av_one_full  avia-builder-el-7  el_after_av_one_half  el_before_av_one_full  first flex_column_div av-zero-column-padding column-top-margin'   ><style type=\"text\/css\" data-created_by=\"avia_inline_auto\" id=\"style-css-av-jlnnel8f-3b447d97dfacd381f58afaa69b2f26ca\">\n.avia-image-container.av-jlnnel8f-3b447d97dfacd381f58afaa69b2f26ca .av-image-caption-overlay-center{\ncolor:#ffffff;\n}\n<\/style>\n<div  class='avia-image-container av-jlnnel8f-3b447d97dfacd381f58afaa69b2f26ca av-styling- av-hover-grow avia-align-center  avia-builder-el-8  avia-builder-el-no-sibling  '  itemprop=\"image\" itemscope=\"itemscope\" itemtype=\"https:\/\/schema.org\/ImageObject\" ><div class=\"avia-image-container-inner\"><div class=\"avia-image-overlay-wrap\"><img decoding=\"async\" class='wp-image-6776 avia-img-lazy-loading-not-6776 avia_image' src=\"https:\/\/www.babyparkinglalibellula.com\/wp-content\/uploads\/2020\/04\/babyparkingweb_2-93525.jpg\" alt='' title='babyparkingweb_2-93525'  height=\"675\" width=\"900\"  itemprop=\"thumbnailUrl\" srcset=\"https:\/\/www.babyparkinglalibellula.com\/wp-content\/uploads\/2020\/04\/babyparkingweb_2-93525.jpg 900w, https:\/\/www.babyparkinglalibellula.com\/wp-content\/uploads\/2020\/04\/babyparkingweb_2-93525-300x225.jpg 300w, https:\/\/www.babyparkinglalibellula.com\/wp-content\/uploads\/2020\/04\/babyparkingweb_2-93525-768x576.jpg 768w, https:\/\/www.babyparkinglalibellula.com\/wp-content\/uploads\/2020\/04\/babyparkingweb_2-93525-705x529.jpg 705w, https:\/\/www.babyparkinglalibellula.com\/wp-content\/uploads\/2020\/04\/babyparkingweb_2-93525-450x338.jpg 450w\" sizes=\"(max-width: 900px) 100vw, 900px\" \/><\/div><\/div><\/div><\/div><\/p>\n\n<style type=\"text\/css\" data-created_by=\"avia_inline_auto\" id=\"style-css-av-1c1y6-bbded00160100a98a3df561416a1b663\">\n.flex_column.av-1c1y6-bbded00160100a98a3df561416a1b663{\nborder-radius:0px 0px 0px 0px;\n-webkit-border-radius:0px 0px 0px 0px;\n-moz-border-radius:0px 0px 0px 0px;\n}\n<\/style>\n<div class='flex_column av-1c1y6-bbded00160100a98a3df561416a1b663 av_one_full  avia-builder-el-9  el_after_av_one_full  el_before_av_one_full  first flex_column_div av-zero-column-padding column-top-margin'   ><section class=\"av_textblock_section \"  itemscope=\"itemscope\" itemtype=\"https:\/\/schema.org\/CreativeWork\" ><div class='avia_textblock  '   itemprop=\"text\" ><p style=\"text-align: center;\">Le nostre attivit\u00e0 sono numerose e varie: laboratori, attivit\u00e0 musicali, attivit\u00e0 creative, giochi con la neve, attivit\u00e0 educative. Inoltre collaboriamo con le scuole di sci locali per offrire lezioni private o di gruppo ai nostri utenti. Queste partiranno\/termineranno nel campetto adiacente al babyparking.<\/p>\n<p style=\"text-align: center;\">Organizziamo anche feste a tema e, su richiesta, feste di compleanno e feste speciali per natale, capodanno, carnevale e pasqua<\/p>\n<p style=\"text-align: center;\">Tra i nostri servizi, il babysitting serale, fino alle 23.00, ideale per concedersi una serata speciale, di coppia o con gli amici.<\/p>\n<\/div><\/section><\/div>\n\n<style type=\"text\/css\" data-created_by=\"avia_inline_auto\" id=\"style-css-av-1ikaa-513261cc73663d0bed5ada4723f1c807\">\n.flex_column.av-1ikaa-513261cc73663d0bed5ada4723f1c807{\nborder-radius:0px 0px 0px 0px;\n-webkit-border-radius:0px 0px 0px 0px;\n-moz-border-radius:0px 0px 0px 0px;\n}\n<\/style>\n<div class='flex_column av-1ikaa-513261cc73663d0bed5ada4723f1c807 av_one_full  avia-builder-el-11  el_after_av_one_full  el_before_av_one_full  first flex_column_div av-zero-column-padding column-top-margin'   ><style type=\"text\/css\" data-created_by=\"avia_inline_auto\" id=\"style-css-av-jlnnel8f-38d880c2f331102b5f8fbe1ccd2beee5\">\n.avia-image-container.av-jlnnel8f-38d880c2f331102b5f8fbe1ccd2beee5 .av-image-caption-overlay-center{\ncolor:#ffffff;\n}\n<\/style>\n<div  class='avia-image-container av-jlnnel8f-38d880c2f331102b5f8fbe1ccd2beee5 av-styling- av-hover-grow avia-align-center  avia-builder-el-12  avia-builder-el-no-sibling  '  itemprop=\"image\" itemscope=\"itemscope\" itemtype=\"https:\/\/schema.org\/ImageObject\" ><div class=\"avia-image-container-inner\"><div class=\"avia-image-overlay-wrap\"><img decoding=\"async\" class='wp-image-6158 avia-img-lazy-loading-not-6158 avia_image' src=\"https:\/\/www.babyparkinglalibellula.com\/wp-content\/uploads\/2018\/09\/201717.jpg\" alt='' title='201717'  height=\"768\" width=\"1024\"  itemprop=\"thumbnailUrl\" srcset=\"https:\/\/www.babyparkinglalibellula.com\/wp-content\/uploads\/2018\/09\/201717.jpg 1024w, https:\/\/www.babyparkinglalibellula.com\/wp-content\/uploads\/2018\/09\/201717-300x225.jpg 300w, https:\/\/www.babyparkinglalibellula.com\/wp-content\/uploads\/2018\/09\/201717-768x576.jpg 768w, https:\/\/www.babyparkinglalibellula.com\/wp-content\/uploads\/2018\/09\/201717-705x529.jpg 705w, https:\/\/www.babyparkinglalibellula.com\/wp-content\/uploads\/2018\/09\/201717-450x338.jpg 450w\" sizes=\"(max-width: 1024px) 100vw, 1024px\" \/><\/div><\/div><\/div><\/div>\n\n<style type=\"text\/css\" data-created_by=\"avia_inline_auto\" id=\"style-css-av-1c1y6-bbded00160100a98a3df561416a1b663\">\n.flex_column.av-1c1y6-bbded00160100a98a3df561416a1b663{\nborder-radius:0px 0px 0px 0px;\n-webkit-border-radius:0px 0px 0px 0px;\n-moz-border-radius:0px 0px 0px 0px;\n}\n<\/style>\n<div class='flex_column av-1c1y6-bbded00160100a98a3df561416a1b663 av_one_full  avia-builder-el-13  el_after_av_one_full  avia-builder-el-last  first flex_column_div av-zero-column-padding column-top-margin'   ><section class=\"av_textblock_section \"  itemscope=\"itemscope\" itemtype=\"https:\/\/schema.org\/CreativeWork\" ><div class='avia_textblock  '   itemprop=\"text\" ><p style=\"text-align: center;\">Il baby parking la Libellula si trova a Sauze d\u2019Oulx, situato di fronte al campetto di Clotes, punto di arrivo dell\u2019omonima pista, vicino all\u2019albergo Stella Alpina e al negozio\/noleggio di attrezzatura Eydallin Sport, entrambi gestiti dalla famiglia Eydallin. A soli 200m si trova il centro di Sauze d\u2019Oulx, con bar, locali serali, negozi, ristoranti e alimentari.<br \/>\nSauze d\u2019Oulx \u00e8 il comprensorio pi\u00f9 ampio all\u2019interno della Via Lattea, al culmine della Val di Susa, con i suoi 400km di piste e ovviamente collegamenti con le altre localit\u00e0 sciistiche circostanti.<\/p>\n<p style=\"text-align: center;\">L\u2019offerta estiva a Sauze \u00e8 ricca di opportunit\u00e0 per gli amanti della montagna con un\u2019ampia rete di percorsi per camminate e mountainbike. Ricco anche il calendario di festival, eventi serali e sportivi.<\/p>\n<p style=\"text-align: center;\">Sauze d\u2019Oulx vanta numerosi bar, ristoranti, pizzerie e un incantevole borgo storico. Dista circa 1h di macchina o di treno da Torino, citt\u00e0 d\u2019arte con i suoi musei, gallerie d\u2019arte, palazzi e monumenti storici.<\/p>\n<\/div><\/section><\/div>\n","protected":false},"excerpt":{"rendered":"","protected":false},"author":1,"featured_media":0,"parent":0,"menu_order":0,"comment_status":"open","ping_status":"open","template":"","meta":{"footnotes":""},"class_list":["post-6243","page","type-page","status-publish","hentry"],"_links":{"self":[{"href":"https:\/\/www.babyparkinglalibellula.com\/it\/wp-json\/wp\/v2\/pages\/6243","targetHints":{"allow":["GET"]}}],"collection":[{"href":"https:\/\/www.babyparkinglalibellula.com\/it\/wp-json\/wp\/v2\/pages"}],"about":[{"href":"https:\/\/www.babyparkinglalibellula.com\/it\/wp-json\/wp\/v2\/types\/page"}],"author":[{"embeddable":true,"href":"https:\/\/www.babyparkinglalibellula.com\/it\/wp-json\/wp\/v2\/users\/1"}],"replies":[{"embeddable":true,"href":"https:\/\/www.babyparkinglalibellula.com\/it\/wp-json\/wp\/v2\/comments?post=6243"}],"version-history":[{"count":10,"href":"https:\/\/www.babyparkinglalibellula.com\/it\/wp-json\/wp\/v2\/pages\/6243\/revisions"}],"predecessor-version":[{"id":6805,"href":"https:\/\/www.babyparkinglalibellula.com\/it\/wp-json\/wp\/v2\/pages\/6243\/revisions\/6805"}],"wp:attachment":[{"href":"https:\/\/www.babyparkinglalibellula.com\/it\/wp-json\/wp\/v2\/media?parent=6243"}],"curies":[{"name":"wp","href":"https:\/\/api.w.org\/{rel}","templated":true}]}}