{"id":6501,"date":"2018-09-11T11:29:35","date_gmt":"2018-09-11T11:29:35","guid":{"rendered":"http:\/\/www.babyparkinglalibellula.com\/privacy-policy\/"},"modified":"2020-10-18T10:38:57","modified_gmt":"2020-10-18T10:38:57","slug":"politica-sulla-riservatezza","status":"publish","type":"page","link":"https:\/\/www.babyparkinglalibellula.com\/it\/politica-sulla-riservatezza\/","title":{"rendered":"Politica sulla Riservatezza"},"content":{"rendered":"<div id='full_slider_1'  class='avia-fullwidth-slider main_color avia-shadow   avia-builder-el-0  el_before_av_one_full  avia-builder-el-first   container_wrap sidebar_right'  ><div   data-size='featured'  data-lightbox_size='large'  data-animation='slide'  data-conditional_play=''  data-ids='6749'  data-video_counter='0'  data-autoplay='false'  data-bg_slider='false'  data-slide_height=''  data-handle='av_slideshow_full'  data-interval='5'  data-class=' '  data-el_id=''  data-css_id=''  data-scroll_down=''  data-control_layout='av-control-default'  data-custom_markup=''  data-perma_caption=''  data-autoplay_stopper=''  data-image_attachment=''  data-min_height='0px'  data-lazy_loading='disabled'  data-src=''  data-position='top left'  data-repeat='no-repeat'  data-attach='scroll'  data-stretch=''  data-default-height='28.666666666667'  class='avia-slideshow avia-slideshow-1  av-control-default av-default-height-applied avia-slideshow-featured av_slideshow_full   avia-slide-slider '  itemprop=\"image\" itemscope=\"itemscope\" itemtype=\"https:\/\/schema.org\/ImageObject\" ><ul class='avia-slideshow-inner ' style='padding-bottom: 28.666666666667%;' ><li  class=' av-single-slide slide-1 ' ><div data-rel='slideshow-1' class='avia-slide-wrap '   ><img decoding=\"async\" class=\"wp-image-6749 avia-img-lazy-loading-not-6749\"  src=\"https:\/\/www.babyparkinglalibellula.com\/wp-content\/uploads\/2020\/04\/bpslider04-1500x430.jpg\" width=\"1500\" height=\"430\" title='bpslider04' alt=''  itemprop=\"thumbnailUrl\"   \/><\/div><\/li><\/ul><\/div><\/div><div id='after_full_slider_1'  class='main_color av_default_container_wrap container_wrap sidebar_right'  ><div class='container av-section-cont-open' ><div class='template-page content  av-content-small alpha units'><div class='post-entry post-entry-type-page post-entry-6501'><div class='entry-content-wrapper clearfix'>\n\n<style type=\"text\/css\" data-created_by=\"avia_inline_auto\" id=\"style-css-av-29gvpq-99665314a66bf8a1f7dfb0375f704aef\">\n.flex_column.av-29gvpq-99665314a66bf8a1f7dfb0375f704aef{\nborder-radius:0px 0px 0px 0px;\n-webkit-border-radius:0px 0px 0px 0px;\n-moz-border-radius:0px 0px 0px 0px;\n}\n<\/style>\n<div class='flex_column av-29gvpq-99665314a66bf8a1f7dfb0375f704aef av_one_full  avia-builder-el-1  el_after_av_slideshow_full  avia-builder-el-no-sibling  first flex_column_div av-zero-column-padding '   ><section class=\"av_textblock_section \"  itemscope=\"itemscope\" itemtype=\"https:\/\/schema.org\/CreativeWork\" ><div class='avia_textblock  '   itemprop=\"text\" ><div>\n<div class=\"vc_tta-panel-heading\">\n<h1 class=\"vc_tta-panel-title\"><span class=\"vc_tta-title-text\">Informative sul Trattamento dei Data Personali<\/span><\/h1>\n<\/div>\n<div class=\"vc_tta-panel-body\">\n<div class=\"wpb_text_column wpb_content_element \">\n<div class=\"wpb_wrapper\"><\/div>\n<\/div>\n<\/div>\n<\/div>\n<div><\/div>\n<div class=\"vc_tta-panel-heading\"><strong>Identit\u00e0 del Titolare<\/strong><br \/>\nIl Titolare del trattamento dei dati personali \u00e8 Caroline Eydallin.<\/div>\n<div class=\"vc_tta-panel-body\">\n<div class=\"wpb_text_column wpb_content_element \">\n<div class=\"wpb_wrapper\"><\/div>\n<\/div>\n<\/div>\n<p><strong>Dati di contatto del RPD \u2013 Responsabile della Protezione dei Dati<\/strong><br \/>\nIl Titolare del trattamento ha designato il Responsabile della Protezione dei Dati, che pu\u00f2 essere raggiunto nella sede del Titolare del trattamento, oppure contattato a mezzo email all\u2019indirizzo\u00a0info@stellalpinahotel.it<\/p>\n<p><strong>Destinatari dei dati<\/strong><br \/>\nI vostri dati personali trattati dal Titolare non sono diffusi, ovvero non ne viene data conoscenza a soggetti indeterminati, in nessuna possibile forma, inclusa quella della loro messa a disposizione o semplice consultazione. Possono essere comunicati ai lavoratori che operano alle dipendenze del Titolare e ad alcuni soggetti esterni che con essi collaborano. Possono altres\u00ec essere comunicati ai soci di Hotel Stella Alpina, ai soggetti partecipati, ad altri soggetti terzi comunque facenti parte del sistema di promozione turistica del Hotel Stella Alpina. Possono inoltre essere comunicati, nei limiti strettamente necessari, ai soggetti che per finalit\u00e0 di evasione delle vostre richieste debbano fornire beni o eseguire su incarico del Titolare prestazioni o servizi. Infine, possono essere comunicati ai soggetti legittimati ad accedervi in forza di disposizioni di legge, regolamenti, normative comunitarie. In particolare, sulla base dei ruoli e delle mansioni lavorative espletate, i lavoratori sono stati legittimati a trattare i vostri dati personali, nei limiti delle loro competenze ed in conformit\u00e0 alle istruzioni ad essi impartite dal Titolare del trattamento. I soggetti esterni che operano sotto l\u2019autorit\u00e0 del Titolare sono stati anch\u2019essi opportunamente autorizzati in base al tipo di prestazione fornita, al trattamento effettuato, alla natura dei dati trattati. I soggetti esterni ai quali il Titolare ha affidato un trattamento di dati personali sono stati designati Responsabili di trattamento.<\/p>\n<p><strong>Trasferimento dei dati<\/strong><br \/>\nIn nessun caso il Titolare del trattamento trasferisce i vostri dati personali in paesi terzi o a organizzazioni internazionali. Tuttavia, si riserva la possibilit\u00e0 di utilizzare servizi in cloud; nel qual caso, i fornitori dei servizi saranno selezionati tra coloro che forniscono garanzie adeguate, cos\u00ec come previsto dall\u2019art. 46 GDPR 679\/16.<\/p>\n<p><strong>Conservazione dei dati<\/strong><br \/>\nIl Titolare del trattamento conserva e tratta i vostri dati personali per il tempo necessario ad adempiere alle finalit\u00e0 indicate. Successivamente, i dati personali saranno conservati, e non ulteriormente trattati, per il tempo stabilito dalle vigenti disposizioni in materia civilistica e fiscale.<\/p>\n<p><strong>Diritti dell\u2019interessato<\/strong><br \/>\nCon riferimento agli artt. 15 \u2013 diritto di accesso, 16 \u2013 diritto di rettifica, 17 \u2013 diritto alla cancellazione, 18 \u2013 diritto alla limitazione del trattamento, 20 \u2013 diritto alla portabilit\u00e0,21 \u2013 diritto di opposizione, 22 diritto di opposizione al processo decisionale automatizzato del GDPR 679\/16, potete esercitare i vostri diritti scrivendo al Titolare del trattamento all\u2019indirizzo sopra riportato, oppure a mezzo email all\u2019indirizzo info@stellalpinahotel.it specificando l\u2019oggetto della sua richiesta, il diritto che intendete esercitare e allegando fotocopia di un documento di identit\u00e0 che attesti la legittimit\u00e0 della richiesta. Ulteriori informazioni sui diritti dell\u2019interessato sono riportate al fondo di questa sezione.<\/p>\n<p><strong>Proposizione di reclamo<\/strong><br \/>\nCiascuno di voi ha il diritto di proporre reclamo all\u2019autorit\u00e0 di controllo dello stato di residenza.<\/p>\n<p><strong>Processi decisionali automatizzati<\/strong><br \/>\nIn nessun caso il Titolare effettua trattamenti che consistono in processi decisionali automatizzati sui vostri dati.<br \/>\n<strong>Sito internet:<\/strong><br \/>\nRaccolta dei dati: per una migliore gestione del sito e per finalit\u00e0 statistiche, alcune informazioni vengono raccolte in forma anonima. Il sistema informatico che supporta il sito, tramite appositi programmi, produce statistiche generali, anonime e con dati aggregati, che vengono utilizzate per stabilire quali sono le informazioni di maggiore o minore interesse, monitorare le prestazioni del sistema e individuare le eventuali aree di crisi. Inoltre, per ragioni di sicurezza e per assicurare la piena disponibilit\u00e0 del servizio a tutti gli utilizzatori, vengono utilizzati programmi software di controllo del traffico sul sito al fine di identificare tentativi non autorizzati di inserimento o di variazione delle informazioni o qualsivoglia altro tentativo di intrusione o di danneggiamento. Per offrire un servizio di qualit\u00e0, il sito richiede al browser alcune informazioni. Si tratta di preferenze di navigazione, login e pagine che sono visualizzate di frequente. Queste informazioni aiutano a meglio comprendere le necessit\u00e0 degli utenti, al fine di offrire un servizio sempre migliore.<br \/>\n<strong>Utilizzo dei cookies:<\/strong> il sito sauzedoulx.net utilizza \u201ccookies tecnici\u201d di terze parti. I \u201ccookies tecnici\u201d sono file di testo depositati sul computer dell\u2019utente per consentire di analizzare la navigazione e l\u2019uso del sito. A volte, le terze parti potrebbero utilizzare questi cookies per pubblicare annunci sulla base delle precedenti visite effettuate dagli utenti sul sito. Le informazioni generate dal cookie sull\u2019utilizzo del sito vengono trasmesse alle corrispondenti terze parti e depositate presso i loro server. In generale, le terze parti utilizzano queste informazioni allo scopo di produrre report sulle attivit\u00e0 del sito, destinati agli operatori di sauzedoulx.net, e non associano l\u2019indirizzo IP ad altri dati da esse posseduti, in tal modo trattando di fatto dati anonimi. E\u2019 possibile rifiutare il conferimento dei dati di navigazione selezionando l\u2019impostazione appropriata sul browser. A tale proposito si rimanda alle informative pubblicate sui siti delle corrispondenti terze parti che (come ad esempio:https:\/\/www.google.it\/intl\/it\/policies\/privacy\/ per l\u2019informativa, e https:\/\/tools.google.com\/dlpage\/gaoptout?hl=it, per la disattivazione).<br \/>\nLa disattivazione tuttavia, potrebbe in alcuni casi impedire di utilizzare tutte le funzionalit\u00e0 del sito. Al contrario, accettando l\u2019utilizzo dei cookies cos\u00ec come sopra descritto e continuando la navigazione, l\u2019utente presta libero e incondizionato consenso al trattamento dei dati personali da parte di sauzedoulx.net e delle terze parti con le modalit\u00e0 e per le finalit\u00e0 sopra indicate. Infine, se l\u2019utente arriva sul sito dopo aver cliccato su un banner pubblicato in un altro sito, deve sapere che il gestore del network pubblicitario, designato responsabile esterno del trattamento, ha assegnato dei cookies necessari per rilevare il throughput e l\u2019ammontare degli eventuali acquisti effettuati. La responsabilit\u00e0 della gestione di questi cookies \u00e8 del gestore del network pubblicitario la cui informativa \u00e8 consultabile sul suo sito istituzionale. In nessun caso il sito utilizza cookies per effettuare la profilazione dei clienti.<\/p>\n<p><strong>Elencazione dei diritti dell\u2019Interessato<\/strong><br \/>\nL\u2019interessato, ai sensi del GDPR 679\/16, pu\u00f2 esercitare specifici diritti, rivolgendosi al Titolare del trattamento, tra cui: diritto di richiedere l\u2019accesso ai propri dati personali; diritto di richiedere la rettifica dei propri dati personali; diritto di richiedere la cancellazione dei suoi dati personali, diritto di richiedere la limitazione del trattamento dei suoi dati personali; diritto di richiedere la portabilit\u00e0 dei dati; il diritto di presentare un reclamo all\u2019autorit\u00e0 di controllo della protezione dei dati competente.<\/p>\n<p>Ricordiamo che se l\u2019Interessato desidera avere maggiori informazioni sul trattamento dei propri dati personali, ovvero esercitare i diritti precedentemente indicati, pu\u00f2 scrivere all\u2019indirizzo info@stellalpinahotel.it<\/p>\n<p><strong>Diritto di accesso:<\/strong> ciascuno di voi ha il diritto di ottenere la conferma dell\u2019esistenza o meno di dati personali che lo riguardano e, in tal caso, di richiedere l\u2019accesso a tali dati. Le informazioni di accesso comprendono, tra l\u2019altro, le finalit\u00e0 del trattamento, le categorie di dati personali interessati, i destinatari o le categorie di destinatari a cui sono stati o saranno comunicati i dati personali.<\/p>\n<p>Ha inoltre il diritto di ottenere una copia dei dati personali sottoposti al trattamento. Per ulteriori copie richieste, il Titolare pi\u00f2 addebitare un costo ragionevole in base alle spese amministrative.<\/p>\n<p><strong>Diritto di rettifica:<\/strong> ciascuno di voi ha il diritto di ottenere la rettifica di dati personali inesatti che lo riguardano. A seconda delle finalit\u00e0 del trattamento, potete avere il diritto di completare i dati personali incompleti, anche mediante la presentazione di una dichiarazione supplementare.<\/p>\n<p><strong>Diritto di cancellazione<\/strong> (\u201cdiritto di essere dimenticato\u201d): in determinate circostanze, avete il diritto di ottenere la cancellazione dei dati personali che vi riguardano.<br \/>\nDiritto alla limitazione del trattamento: in determinate circostanze, potete avere il diritto di ottenere la limitazione del trattamento dei dati personali. In questo caso, i rispettivi dati saranno contrassegnati e potranno essere trattati solo dal Titolare per determinate finalit\u00e0.<br \/>\nDiritto alla portabilit\u00e0 dei dati: in determinate circostanze, avete il diritto di ricevere i dati personali che vi riguardano, in un formato comunemente usato e leggibile e avete altres\u00ec il diritto di trasmetterli a un\u2019altra entit\u00e0 senza impedimenti.<\/p>\n<\/div><\/section><\/div>\n","protected":false},"excerpt":{"rendered":"","protected":false},"author":1,"featured_media":0,"parent":0,"menu_order":0,"comment_status":"closed","ping_status":"closed","template":"","meta":{"footnotes":""},"class_list":["post-6501","page","type-page","status-publish","hentry"],"_links":{"self":[{"href":"https:\/\/www.babyparkinglalibellula.com\/it\/wp-json\/wp\/v2\/pages\/6501","targetHints":{"allow":["GET"]}}],"collection":[{"href":"https:\/\/www.babyparkinglalibellula.com\/it\/wp-json\/wp\/v2\/pages"}],"about":[{"href":"https:\/\/www.babyparkinglalibellula.com\/it\/wp-json\/wp\/v2\/types\/page"}],"author":[{"embeddable":true,"href":"https:\/\/www.babyparkinglalibellula.com\/it\/wp-json\/wp\/v2\/users\/1"}],"replies":[{"embeddable":true,"href":"https:\/\/www.babyparkinglalibellula.com\/it\/wp-json\/wp\/v2\/comments?post=6501"}],"version-history":[{"count":4,"href":"https:\/\/www.babyparkinglalibellula.com\/it\/wp-json\/wp\/v2\/pages\/6501\/revisions"}],"predecessor-version":[{"id":6820,"href":"https:\/\/www.babyparkinglalibellula.com\/it\/wp-json\/wp\/v2\/pages\/6501\/revisions\/6820"}],"wp:attachment":[{"href":"https:\/\/www.babyparkinglalibellula.com\/it\/wp-json\/wp\/v2\/media?parent=6501"}],"curies":[{"name":"wp","href":"https:\/\/api.w.org\/{rel}","templated":true}]}}