{"id":6524,"date":"2018-09-11T16:15:00","date_gmt":"2018-09-11T16:15:00","guid":{"rendered":"http:\/\/www.babyparkinglalibellula.com\/cookies\/"},"modified":"2020-10-18T10:35:32","modified_gmt":"2020-10-18T10:35:32","slug":"cookies","status":"publish","type":"page","link":"https:\/\/www.babyparkinglalibellula.com\/it\/cookies\/","title":{"rendered":"Cookies"},"content":{"rendered":"<div id='full_slider_1'  class='avia-fullwidth-slider main_color avia-shadow   avia-builder-el-0  el_before_av_textblock  avia-builder-el-first   container_wrap sidebar_right'  ><div   data-size='featured'  data-lightbox_size='large'  data-animation='slide'  data-conditional_play=''  data-ids='6475'  data-video_counter='0'  data-autoplay='false'  data-bg_slider='false'  data-slide_height=''  data-handle='av_slideshow_full'  data-interval='5'  data-class=' '  data-el_id=''  data-css_id=''  data-scroll_down=''  data-control_layout='av-control-default'  data-custom_markup=''  data-perma_caption=''  data-autoplay_stopper=''  data-image_attachment=''  data-min_height='0px'  data-lazy_loading='disabled'  data-src=''  data-position='top left'  data-repeat='no-repeat'  data-attach='scroll'  data-stretch=''  data-default-height='28.666666666667'  class='avia-slideshow avia-slideshow-1  av-control-default av-default-height-applied avia-slideshow-featured av_slideshow_full   avia-slide-slider '  itemprop=\"image\" itemscope=\"itemscope\" itemtype=\"https:\/\/schema.org\/ImageObject\" ><ul class='avia-slideshow-inner ' style='padding-bottom: 28.666666666667%;' ><li  class=' av-single-slide slide-1 ' ><div data-rel='slideshow-1' class='avia-slide-wrap '   ><img decoding=\"async\" class=\"wp-image-6476 avia-img-lazy-loading-not-6476\"  src=\"https:\/\/www.babyparkinglalibellula.com\/wp-content\/uploads\/2018\/09\/image881-1500x430.jpg\" width=\"1500\" height=\"430\" title='image881' alt=''  itemprop=\"thumbnailUrl\"   \/><\/div><\/li><\/ul><\/div><\/div><div id='after_full_slider_1'  class='main_color av_default_container_wrap container_wrap sidebar_right'  ><div class='container av-section-cont-open' ><div class='template-page content  av-content-small alpha units'><div class='post-entry post-entry-type-page post-entry-6524'><div class='entry-content-wrapper clearfix'>\n<section class=\"av_textblock_section \"  itemscope=\"itemscope\" itemtype=\"https:\/\/schema.org\/CreativeWork\" ><div class='avia_textblock  '   itemprop=\"text\" ><h1>Cookies<\/h1>\n<p>Su questo sito web utilizziamo cookie e strumenti analoghi per migliorare le prestazioni e migliorare l\u2019esperienza dell\u2019utente.<\/p>\n<p>I cookie sono piccoli file di testo che un sito web pu\u00f2 mettere sul tuo computer o dispositivo mobile la prima volta che si visita un sito o una pagina. Il cookie consente al sito web, o ad un altro sito web, di riconoscere il dispositivo la prossima volta che lo si visita.<br \/>\nCi sono molte funzioni che i cookie svolgono. Per esempio, ci possono aiutare a ricordare il tuo nome utente e le tue preferenze, analizzare le performance del nostro sito, o ci permettono di raccomandare contenuti che crediamo siano pi\u00f9 pertinenti per voi.<br \/>\nAlcuni cookie contengono informazioni personali \u2013 per esempio, se si fa clic su \u201cricordati di me\u201d quando sta eseguendo un\u2019autenticazione, il tuo nome utente verr\u00e0 memorizzato in un cookie. La maggior parte dei cookie non raccoglie informazioni che ti identificano, raccoglieranno invece informazioni pi\u00f9 generali come ad esempio il modo in cui gli utenti sono arrivati al nostro sito, come lo utilizzano, o la posizione generica di un utente.<\/p>\n<p><strong>Quale tipo di cookie usa questo sito?<\/strong><br \/>\nIn generale, i nostri cookies svolgono fino a tre diverse funzioni:<br \/>\n1. <em>Cookie essenziali<\/em><br \/>\nAlcuni cookie sono essenziali per il funzionamento del nostro sito. Ad esempio, alcuni cookies ci permettono di individuare e far s\u00ec che gli utenti registrati possano accedere alle pagine riservate. Se un utente sceglie di disabilitare i cookie, non sar\u00e0 in grado di accedere a tutti i contenuti contenuti nelle pagine riservate.<br \/>\n2.<em>Performance Cookies<\/em><br \/>\nUtilizziamo altri cookie per analizzare come i nostri utenti utilizzano il nostro sito web e per monitorare le prestazioni del sito web. Questo ci permette di fornire un\u2019esperienza di alta qualit\u00e0 personalizzando la nostra offerta e identificando rapidamente e risolvendo gli eventuali problemi che si presentano. Per esempio, si potrebbe utilizzare i cookie per tenere traccia di quali sono le pagine pi\u00f9 popolari, quale metodo di collegamento tra le pagine \u00e8 il pi\u00f9 efficace, e per determinare il motivo di alcuni errori che si possono verificare.<br \/>\n3.<em> Functionality Cookies<\/em><br \/>\nQuesto tipo di cookie ci permettono di ricordare le vostre preferenze. Ad esempio, i cookie ti risparmiano la fatica di digitare il tuo nome utente ogni volta che si accedi al sito, e permettono di caricare le tue preferenze di personalizzazione del sito.<\/p>\n<p><strong>I cookie di questo sito vengono usati da qualcun\u2019altro?<\/strong><br \/>\nUsiamo Google Analytics per monitorare il traffico del nostro sito web. Possiamo anche utilizzare cookie di terze parti per aiutarci con le ricerca di mercato, il monitoraggio delle conversioni, per migliorare la funzionalit\u00e0 del sito e per il controllo del rispetto dei termini e delle condizioni e della nostra politica sul copyright.<\/p>\n<h3>Elenco dei cookie di terze parti<\/h3>\n<p>Il sito utilizza o pu\u00f2 utilizzare cookyes di terze parti, a seguire l\u2019elenco dei possibili cookie e delle relative policy di privacy<\/p>\n<div class=\"table-responsive\">\n<table class=\"table-responsive\" style=\"height: 100%;\" width=\"100%\">\n<thead>\n<tr>\n<th>Origine<\/th>\n<th>Utilizzo<\/th>\n<th>Link Informativa<\/th>\n<\/tr>\n<\/thead>\n<tbody>\n<tr>\n<td>FACEBOOK<\/td>\n<td>Utilizzato per fornire i servizi di condivisione dei prodotti \/ articoli e le funzionalit\u00e0 di \u201cMi piace\u201d<\/td>\n<td><a href=\"https:\/\/it-it.facebook.com\/about\/privacy\">https:\/\/it-it.facebook.com\/about\/privacy<\/a><\/td>\n<\/tr>\n<tr>\n<td>GOOGLE PLUS<\/td>\n<td>Utilizzato per fornire i servizi di condivisione dei prodotti \/ articoli<\/td>\n<td><a href=\"https:\/\/www.google.com\/policies\/technologies\/cookies\/\">https:\/\/www.google.com\/policies\/technologies\/cookies\/<\/a><\/td>\n<\/tr>\n<tr>\n<td>TWITTER<\/td>\n<td>Utilizzato per fornire i servizi di condivisione dei prodotti \/ articoli<\/td>\n<td><a href=\"https:\/\/twitter.com\/privacy?lang=it\">https:\/\/twitter.com\/privacy?lang=it<\/a><\/td>\n<\/tr>\n<tr>\n<td>GOOGLE MAPS<\/td>\n<td>Utilizzato per fornire i servizi di geolocalizzazione<\/td>\n<td><a href=\"https:\/\/www.google.it\/intl\/it\/policies\/privacy\/\">https:\/\/www.google.it\/intl\/it\/policies\/privacy\/<\/a><\/td>\n<\/tr>\n<tr>\n<td>GOOGLE ANALYTICS<\/td>\n<td>Utilizzato per analizzare statisticamente gli accessi o le visite al sito<\/td>\n<td><a href=\"https:\/\/www.google.it\/intl\/it\/analytics\/privacyoverview.html.\">https:\/\/www.google.it\/intl\/it\/analytics\/privacyoverview.html.<\/a><\/td>\n<\/tr>\n<\/tbody>\n<\/table>\n<\/div>\n<p><strong>Pu\u00f2 un utente del nostro sito bloccare i cookie?<\/strong><br \/>\nOgni browser offre metodi per limitare o disabilitare i cookie. Per maggiori informazioni sulla gestione dei cookie visitate i link appropriati:<\/p>\n<ul>\n<li><a title=\"Gestione cookies su Internet Explorer\" href=\"https:\/\/windows.microsoft.com\/it-it\/windows7\/how-to-manage-cookies-in-internet-explorer-9\" target=\"_blank\" rel=\"noopener noreferrer\">Internet Explorer<\/a><\/li>\n<li><a title=\"Gestione cookies su Firefox\" href=\"https:\/\/support.mozilla.org\/it\/kb\/Gestione%20dei%20cookie\" target=\"_blank\" rel=\"noopener noreferrer\">Firefox<\/a><\/li>\n<li><a title=\"Gestione cookies su Chrome\" href=\"https:\/\/support.google.com\/chrome\/answer\/95647?hl=it\" target=\"_blank\" rel=\"noopener noreferrer\">Chrome<\/a><\/li>\n<li><a title=\"Gestione cookies su Safari\" href=\"https:\/\/support.apple.com\/kb\/HT1677?viewlocale=it_IT\" target=\"_blank\" rel=\"noopener noreferrer\">Safari<\/a><\/li>\n<\/ul>\n<\/div><\/section>\n","protected":false},"excerpt":{"rendered":"","protected":false},"author":1,"featured_media":0,"parent":0,"menu_order":0,"comment_status":"closed","ping_status":"closed","template":"","meta":{"footnotes":""},"class_list":["post-6524","page","type-page","status-publish","hentry"],"_links":{"self":[{"href":"https:\/\/www.babyparkinglalibellula.com\/it\/wp-json\/wp\/v2\/pages\/6524","targetHints":{"allow":["GET"]}}],"collection":[{"href":"https:\/\/www.babyparkinglalibellula.com\/it\/wp-json\/wp\/v2\/pages"}],"about":[{"href":"https:\/\/www.babyparkinglalibellula.com\/it\/wp-json\/wp\/v2\/types\/page"}],"author":[{"embeddable":true,"href":"https:\/\/www.babyparkinglalibellula.com\/it\/wp-json\/wp\/v2\/users\/1"}],"replies":[{"embeddable":true,"href":"https:\/\/www.babyparkinglalibellula.com\/it\/wp-json\/wp\/v2\/comments?post=6524"}],"version-history":[{"count":4,"href":"https:\/\/www.babyparkinglalibellula.com\/it\/wp-json\/wp\/v2\/pages\/6524\/revisions"}],"predecessor-version":[{"id":6818,"href":"https:\/\/www.babyparkinglalibellula.com\/it\/wp-json\/wp\/v2\/pages\/6524\/revisions\/6818"}],"wp:attachment":[{"href":"https:\/\/www.babyparkinglalibellula.com\/it\/wp-json\/wp\/v2\/media?parent=6524"}],"curies":[{"name":"wp","href":"https:\/\/api.w.org\/{rel}","templated":true}]}}